{"id":2463,"date":"2021-07-07T15:48:18","date_gmt":"2021-07-07T15:48:18","guid":{"rendered":"https:\/\/saaforwomen.org\/?page_id=2463"},"modified":"2022-09-11T16:59:02","modified_gmt":"2022-09-11T16:59:02","slug":"espanol","status":"publish","type":"page","link":"https:\/\/saaforwomen.org\/index.php\/espanol\/","title":{"rendered":"Espa\u00f1ol"},"content":{"rendered":"\n<div class=\"wp-block-columns is-layout-flex wp-container-core-columns-is-layout-9d6595d7 wp-block-columns-is-layout-flex\">\n<div class=\"wp-block-column is-layout-flow wp-block-column-is-layout-flow\" style=\"flex-basis:100%\">\n<div class=\"wp-block-buttons is-layout-flex wp-block-buttons-is-layout-flex\">\n<div class=\"wp-block-button\"><a class=\"wp-block-button__link\" href=\"https:\/\/saaforwomen.org\/index.php\/diversity\/\"><strong>Diversidad<\/strong><\/a><\/div>\n\n\n\n<div class=\"wp-block-button\"><a class=\"wp-block-button__link\" href=\"https:\/\/saaforwomen.org\/\"><strong>ASA Mujeres Inter Grupo<\/strong><\/a><\/div>\n<\/div>\n<\/div>\n<\/div>\n\n\n\n<div class=\"wp-block-columns is-layout-flex wp-container-core-columns-is-layout-9d6595d7 wp-block-columns-is-layout-flex\">\n<div class=\"wp-block-column is-layout-flow wp-block-column-is-layout-flow\" style=\"flex-basis:66.66%\">\n<p> <strong>\u00bfQu\u00e9 es una reuni\u00f3n de Adictos Sexuales An\u00f3nimos?<\/strong><br>Un grupo de Adictos Sexuales An\u00f3nimos est\u00e1 formado por dos o m\u00e1s individuos que con la ayuda de los Doce Pasos y las Doce Tradiciones de SAA. se re\u00fanen peri\u00f3dicamente con el fin de recuperarse de su comportamiento sexual compulsivo. Una reuni\u00f3n de S.A.A. es un lugar seguro. Es una reuni\u00f3n de iguales basada en la confidencialidad, cuyos miembros evitan juzgarse unos a otros y se apoyan mutuamente compartiendo experiencia, fortaleza y esperanza en la b\u00fasqueda del objetivo com\u00fan: la recuperaci\u00f3n de la adicci\u00f3n sexual.<br> <\/p>\n<\/div>\n\n\n\n<div class=\"wp-block-column is-layout-flow wp-block-column-is-layout-flow\" style=\"flex-basis:33.33%\">\n<p> <strong>\u00bfCu\u00e1les son los requisitos para ser miembro de Adictos Sexuales An\u00f3nimos?<\/strong><br>S\u00f3lo el deseo de recuperarse de su comportamiento sexual compulsivo. No existen otros requisitos, ni cuotas ni honorarios. <\/p>\n<\/div>\n<\/div>\n\n\n\n<h2 class=\"wp-block-heading\" id=\"reuniones\">Reuniones<\/h2>\n\n\n\n<p><\/p>\n\n\n\n<div class=\"wp-block-columns is-layout-flex wp-container-core-columns-is-layout-9d6595d7 wp-block-columns-is-layout-flex\">\n<div class=\"wp-block-column is-layout-flow wp-block-column-is-layout-flow\">\n<h4 class=\"wp-block-heading\" id=\"hay-reuniones-locales-en\">Hay reuniones locales en<\/h4>\n\n\n\n<ul class=\"wp-block-list\"><li>Nueva York (Estados Unidos)<\/li><li>Puerto Rico<\/li><li>Ciudad de M\u00e9xico<\/li><li>San Jose Costa Rica<\/li><li>Colombia<\/li><li>Peru<\/li><li>Argentina<\/li><li>Santiago, Chile<\/li><li>Espa\u00f1a (Madrid, Valencia, Barcelona)<\/li><li>Houston, TX (Estados Unidos) <br>Espa\u00f1ol 281-836-3163; info@houstonsaa.org<\/li><\/ul>\n\n\n\n<p>  <em><strong><br>Por reuniones locales:<\/strong><\/em><\/p>\n\n\n\n<p id=\"block-9de250aa-e03c-49cb-9203-0fdf6efaaedd\">(En idioma espa\u00f1ol), haga clic aqu\u00ed: <strong><em><a rel=\"noreferrer noopener\" href=\"http:\/\/saa-recovery.org\/meetings\" target=\"_blank\">saa-recovery.org\/meetings<\/a><\/em><\/strong><\/p>\n\n\n\n<ul class=\"wp-block-list\" id=\"block-0f7c1d00-a1d9-4b3f-bba3-5bbc96aeba52\"><li>Haga clic el icono donde est\u00e1 la flecha roja a la derecha, y<\/li><li>haga clic en local, y<\/li><li>en el cuadro de b\u00fasqueda, ingrese la ubicaci\u00f3n (ciudad, estado o pa\u00eds), y <\/li><li>haga clic en b\u00fasquero &#8212;<\/li><\/ul>\n\n\n\n<p><\/p>\n<\/div>\n\n\n\n<div class=\"wp-block-column is-layout-flow wp-block-column-is-layout-flow\">\n<h2 class=\"wp-block-heading\" id=\"que-es-adictos-sexuales-anonimos\"> <strong>\u00bfQu\u00e9 es Adictos Sexuales An\u00f3nimos?<\/strong> <\/h2>\n\n\n\n<blockquote class=\"wp-block-quote is-layout-flow wp-block-quote-is-layout-flow\"><p>ASA es un programa de 12 pasos, basado en los principios y tradiciones de AA, para personas impotentes y cuyas vidas son ingobernables por el comportamiento sexual adictivo, incluyendo pero no limitado a: Pornograf\u00eda, Strip Clubs, Salones de Masaje Acompa\u00f1antes, Prostitutas, e Infidelidades Sexuales.<\/p><cite>Houston Area Intergroup [HAI]<\/cite><\/blockquote>\n\n\n\n<p><\/p>\n\n\n\n<p><\/p>\n\n\n\n<h3 class=\"wp-block-heading\" id=\"nueva-reunion-presencial-houston-tx\"><strong>Nueva Reuni\u00f3n Presencial, <\/strong><br><strong>Houston, TX<\/strong><\/h3>\n\n\n\n<p>Nueva Reuni\u00f3n Presencial en espa\u00f1ol de Adictos Sexuales An\u00f3nimos<br>Los domingos de 7p \u2013 8p<br>Bering Memorial Church of Christ, 1440 Harold St., Houston, TX 77006, en la biblioteca en en 2do piso (Estacionamiento en la parte trasera a trav\u00e9s de la calle Hawthorne)<br><br>Para mas informaci\u00f3n llame al 832-589-0015.<br>(22 REUNIONES ONLINE DE S.A.A. POR ZOOM<\/p>\n\n\n\n<p><\/p>\n<\/div>\n<\/div>\n\n\n\n<p>(En idioma espa\u00f1ol), haga clic aqu\u00ed: <strong><em><a rel=\"noreferrer noopener\" href=\"http:\/\/saa-recovery.org\/meetings\" target=\"_blank\">saa-recovery.org\/meetings<\/a><\/em><\/strong> <\/p>\n\n\n\n<figure class=\"wp-block-image size-full\"><img decoding=\"async\" src=\"https:\/\/saaforwomen.org\/wp-content\/uploads\/Spanish-local-meetings.jpg\" alt=\"\" class=\"wp-image-2916\"\/><\/figure>\n\n\n\n<div class=\"wp-block-columns is-layout-flex wp-container-core-columns-is-layout-9d6595d7 wp-block-columns-is-layout-flex\">\n<div class=\"wp-block-column is-layout-flow wp-block-column-is-layout-flow\">\n<h2 class=\"wp-block-heading\" id=\"por-electronica-reuniones\"><strong>Por electr\u00f3nica reuniones<\/strong><br><\/h2>\n\n\n\n<h5 class=\"wp-block-heading\" id=\"inter-grupo-tele-reuniones-telemeeting-intergroup\"><strong>Inter Grupo Tele-reuniones (Telemeeting Intergroup)<\/strong> <\/h5>\n\n\n\n<hr class=\"wp-block-separator has-css-opacity\"\/>\n\n\n\n<p> <strong><a href=\"http:\/\/saatalk.info\/es\/meetings\">http:\/\/saatalk.info\/es\/meetings<\/a><\/strong>, <\/p>\n\n\n\n<ul class=\"wp-block-list\"><li>Idioma = Espa\u00f1ol<\/li><li>Asistencia = {Se puede elegir entre: Mujeres , Mixta (hombres y mujeres), o LGBT}<\/li><\/ul>\n<\/div>\n\n\n\n<div class=\"wp-block-column is-layout-flow wp-block-column-is-layout-flow\">\n<div class=\"wp-block-columns is-layout-flex wp-container-core-columns-is-layout-9d6595d7 wp-block-columns-is-layout-flex\">\n<div class=\"wp-block-column is-layout-flow wp-block-column-is-layout-flow\" style=\"flex-basis:33.33%\"><\/div>\n\n\n\n<div class=\"wp-block-column is-layout-flow wp-block-column-is-layout-flow\" style=\"flex-basis:66.66%\">\n<h2 class=\"wp-block-heading\" id=\"inter-grupo-buenos-aires-argentina\"><strong>Inter Grupo <br>Buenos Aires,  Argentina: <\/strong><\/h2>\n\n\n\n<p><\/p>\n\n\n\n<h3 class=\"wp-block-heading\" id=\"reuniones-presencial-y-electronica\"><strong><strong>Reuniones<\/strong>  <strong>presencial<\/strong> y electr\u00f3nica<\/strong><br><\/h3>\n\n\n\n<p><a href=\"http:\/\/www.saa-argentina.com\/reuniones.html\"><strong>Adictos Sexuales An\u00f3nimos en Argentina<\/strong><\/a><\/p>\n<\/div>\n<\/div>\n<\/div>\n<\/div>\n\n\n\n<h3 class=\"wp-block-heading\" id=\"reuniones-a-la-distancia\"><strong>Reuniones a la distancia:<\/strong><br><\/h3>\n\n\n\n<div class=\"wp-block-columns is-layout-flex wp-container-core-columns-is-layout-9d6595d7 wp-block-columns-is-layout-flex\">\n<div class=\"wp-block-column is-layout-flow wp-block-column-is-layout-flow\">\n<h4 class=\"wp-block-heading\" id=\"mujeres\"><strong>Mujeres<\/strong><\/h4>\n\n\n\n<ul class=\"wp-block-list\" id=\"block-f935b2cd-9cb7-4d44-8975-483b5bcf5e42\"><li><\/li><\/ul>\n\n\n\n<h4 class=\"wp-block-heading\" id=\"lgbtq\"><strong>LGBTQ<\/strong><\/h4>\n\n\n\n<ul class=\"wp-block-list\" id=\"block-e160ae20-afaa-4cd0-9269-764a4702de78\"><li><strong><em>Jueves<\/em><\/strong><\/li><li><strong><a href=\"http:\/\/saatalk.info\/meetings\/meeting?xmeeting[id]=215\">Grupo Diversidad LGBTQ<\/a><\/strong>&nbsp;(Zoom)&nbsp;<\/li><\/ul>\n\n\n\n<h4 class=\"wp-block-heading\" id=\"mixta-mujeres-y-hombres\"><strong>Mixta (mujeres y hombres)<\/strong><\/h4>\n\n\n\n<ul class=\"wp-block-list\"><li><a href=\"http:\/\/saatalk.info\/es\/meetings,\"><strong>http:\/\/saatalk.info\/es\/meetings<\/strong>,<\/a><br>Idioma = Espa\u00f1ol<br>Asistencia = Mixta<\/li><li><a href=\"https:\/\/www.bayareasaa.org\/meetings.php?#_Tue20:00:00\"><strong>Vallarta Espa\u00f1ol<\/strong><\/a><strong> (Skype)<\/strong><br><strong>Usuario de skype<\/strong>: SAA_Vallarta_Online_Meeting (debajo de anadir contacto)<\/li><\/ul>\n\n\n\n<h4 class=\"wp-block-heading\" id=\"domingo\"> <strong>Domingo <\/strong><\/h4>\n\n\n\n<ul class=\"wp-block-list\"><li><a href=\"http:\/\/saatalk.info\/meetings\/meeting?xmeeting%5bid%5d=227\"><strong>G<\/strong><\/a><strong><a href=\"http:\/\/saatalk.info\/meetings\/meeting?xmeeting%5bid%5d=227\">ru<\/a><\/strong><a href=\"http:\/\/saatalk.info\/meetings\/meeting?xmeeting%5bid%5d=227\" data-type=\"URL\" data-id=\"http:\/\/saatalk.info\/meetings\/meeting?xmeeting%5bid%5d=227\"><strong>po telef\u00f3nico<\/strong><\/a> <strong>(video\/Skype)<\/strong><\/li><li><strong><a href=\"https:\/\/saatalk.info\/us\/meetings\/meeting?xmeeting%5bid%5d=288\" data-type=\"URL\" data-id=\"https:\/\/saatalk.info\/us\/meetings\/meeting?xmeeting%5bid%5d=288\">Recuperci\u00f3n de la Intimidad<\/a> (video \/ Zoom)<\/strong><\/li><li><strong><a href=\"http:\/\/saatalk.info\/meetings\/meeting?xmeeting%5bid%5d=115\">Solo por Hoy ASA<\/a> (<strong>audio\/Skype<\/strong>)<\/strong> <\/li><li><strong><a href=\"http:\/\/saatalk.info\/meetings\/meeting?xmeeting%5bid%5d=230\">Grupo telef\u00f3nico<\/a> (<strong>video\/Skype<\/strong>)<\/strong> <\/li><\/ul>\n\n\n\n<h4 class=\"wp-block-heading\" id=\"lunes\"><strong>Lunes<\/strong><\/h4>\n\n\n\n<ul class=\"wp-block-list\"><li><strong><a href=\"http:\/\/saatalk.info\/meetings\/meeting?xmeeting%5bid%5d=222\">Grupo telef\u00f3nico<\/a> <strong>(video\/Skype<\/strong>)<\/strong> <\/li><li><strong><a href=\"http:\/\/saatalk.info\/meetings\/meeting?xmeeting%5bid%5d=98\">Sobrios por hoy<\/a> <strong>(audio\/Skype<\/strong>)<\/strong><\/li><\/ul>\n<\/div>\n\n\n\n<div class=\"wp-block-column is-layout-flow wp-block-column-is-layout-flow\">\n<h4 class=\"wp-block-heading\" id=\"martes\"><strong>Martes<\/strong><\/h4>\n\n\n\n<ul class=\"wp-block-list\"><li><strong><a href=\"http:\/\/saatalk.info\/meetings\/meeting?xmeeting%5bid%5d=223\">Grupo telef\u00f3nico<\/a> <strong>(video\/Skype<\/strong>)<\/strong> <\/li><li><strong><a href=\"http:\/\/saatalk.info\/meetings\/meeting?xmeeting%5bid%5d=231\"><\/a><a href=\"http:\/\/saatalk.info\/meetings\/meeting?xmeeting%5bid%5d=231\">Grupo telef\u00f3nico<\/a> <strong>(video\/Skype<\/strong>)<\/strong> <\/li><li><strong><a href=\"http:\/\/saatalk.info\/meetings\/meeting?xmeeting%5bid%5d=114\">Estudio de Pasos ASA<\/a> <strong>(audio\/Skype<\/strong>)<\/strong> <\/li><\/ul>\n\n\n\n<h4 class=\"wp-block-heading\" id=\"miercoles\"><strong>Mi\u00e9rcoles<\/strong><\/h4>\n\n\n\n<ul class=\"wp-block-list\"><li><strong><a href=\"http:\/\/saatalk.info\/meetings\/meeting?xmeeting%5bid%5d=225\">Grupo telef\u00f3nico<\/a> <strong>(video\/Skype<\/strong>)<\/strong> <\/li><li><strong><a href=\"http:\/\/saatalk.info\/meetings\/meeting?xmeeting%5bid%5d=103\">Serena Sobriedad<\/a> <strong>(audio\/Skype<\/strong>)<\/strong><\/li><li><strong><a href=\"http:\/\/saatalk.info\/meetings\/meeting?xmeeting%5bid%5d=263\">Co Apadrinamiento 12 ASA<\/a> (video Zoom)<\/strong><\/li><\/ul>\n\n\n\n<h4 class=\"wp-block-heading\" id=\"jueves\"><strong>Jueves<\/strong><\/h4>\n\n\n\n<ul class=\"wp-block-list\"><li><strong><a href=\"http:\/\/saatalk.info\/meetings\/meeting?xmeeting%5bid%5d=226\">Grupo telef\u00f3nico<\/a> <strong>(video\/Skype<\/strong>)<\/strong> <\/li><li><strong><a href=\"http:\/\/saatalk.info\/meetings\/meeting?xmeeting%5bid%5d=126\">Recuperaci\u00f3n de la Intimidad<\/a> (video \/ Zoom)<\/strong><\/li><li><strong><a href=\"http:\/\/saatalk.info\/meetings\/meeting?xmeeting%5bid%5d=213\">SAAPP Hispano<\/a> (video \/ Zoom)<\/strong> <\/li><li><strong><a href=\"http:\/\/saatalk.info\/meetings\/meeting?xmeeting%5bid%5d=99\">Sobrios por hoy<\/a> <strong>(audio \/ Skype<\/strong>)<\/strong> <\/li><\/ul>\n\n\n\n<h4 class=\"wp-block-heading\" id=\"viernes\"><strong>Viernes<\/strong><\/h4>\n\n\n\n<ul class=\"wp-block-list\"><li><strong><a href=\"http:\/\/saatalk.info\/meetings\/meeting?xmeeting%5bid%5d=229\">Grupo telef\u00f3nico<\/a> (<strong><strong>video \/ Skype<\/strong><\/strong>)<\/strong> <\/li><li><strong><a href=\"http:\/\/saatalk.info\/meetings\/meeting?xmeeting%5bid%5d=232\">Grupo telef\u00f3nico<\/a> (<strong><strong>video \/ Skype<\/strong><\/strong>)<\/strong> <\/li><li><strong><a href=\"http:\/\/saatalk.info\/meetings\/meeting?xmeeting%5bid%5d=108\">Estudio de Pasos ASA<\/a> (<strong><strong>audio \/ Skype<\/strong><\/strong>)<\/strong> <\/li><\/ul>\n\n\n\n<h4 class=\"wp-block-heading\" id=\"sabado\"><strong>S\u00e1bado<\/strong><\/h4>\n\n\n\n<ul class=\"wp-block-list\"><li><strong><a href=\"http:\/\/saatalk.info\/meetings\/meeting?xmeeting%5bid%5d=228\">Grupo telef\u00f3nico<\/a> (<strong><strong>video \/ Skype<\/strong><\/strong>)<\/strong><\/li><li><strong><a href=\"https:\/\/saatalk.info\/es\/meetings\/meeting?xmeeting[id]=213\" data-type=\"URL\" data-id=\"https:\/\/saatalk.info\/es\/meetings\/meeting?xmeeting[id]=213\">SAAPP Hispano<\/a> (<strong><strong>audio \/ Skype<\/strong><\/strong>)<\/strong><\/li><li><strong><a href=\"http:\/\/saatalk.info\/meetings\/meeting?xmeeting%5bid%5d=97\">Sobrios por hoy<\/a> (<strong><strong>audio \/ Skype<\/strong><\/strong>)<\/strong><\/li><\/ul>\n<\/div>\n<\/div>\n\n\n\n<p>Correo electr\u00f3nico por mujeres <strong><a href=\"mailto:grace@saa-women.org\">grace@saa-women.org<\/a><\/strong><\/p>\n\n\n\n<div class=\"wp-block-columns is-layout-flex wp-container-core-columns-is-layout-9d6595d7 wp-block-columns-is-layout-flex\">\n<div class=\"wp-block-column is-layout-flow wp-block-column-is-layout-flow\" style=\"flex-basis:100%\">\n<div class=\"wp-block-columns is-layout-flex wp-container-core-columns-is-layout-9d6595d7 wp-block-columns-is-layout-flex\">\n<div class=\"wp-block-column is-layout-flow wp-block-column-is-layout-flow\" style=\"flex-basis:100%\">\n<p><\/p>\n\n\n\n<h3 class=\"wp-block-heading\" id=\"principios\"><strong>Principios<\/strong><br><\/h3>\n\n\n\n<p><\/p>\n<\/div>\n<\/div>\n\n\n\n<div class=\"wp-block-columns is-layout-flex wp-container-core-columns-is-layout-9d6595d7 wp-block-columns-is-layout-flex\">\n<div class=\"wp-block-column is-layout-flow wp-block-column-is-layout-flow\">\n<h4 class=\"wp-block-heading\" id=\"12-pasos\"><strong>12 pasos<\/strong><\/h4>\n\n\n\n<ol class=\"wp-block-list\"><li>Admitimos que \u00e9ramos impotentes ante el comportamiento sexual adictivo, que nuestras vidas se hab\u00edan vuelto ingobernables.<\/li><li>Llegamos a creer que un Poder Superior a nosotros mismos podr\u00eda devolvernos el sano juicio.<\/li><li>Tomamos la decisi\u00f3n de poner nuestra voluntad y nuestras vidas al cuidado de Dios, como nosotros concebimos a Dios.<\/li><li>Sin temor hicimos un minucioso inventario moral de nosotros mismos.<\/li><li>Admitimos ante Dios, ante nosotros mismos y ante otro ser humano la naturaleza exacta de nuestros defectos.<\/li><li>Estuvimos enteramente dispuestos a dejar que Dios eliminase todos estos defectos de car\u00e1cter.<\/li><li>Humildemente le pedimos a Dios que nos quite nuestros defectos.<\/li><li>Hicimos una lista de todas aquellas personas a quienes hab\u00edamos da\u00f1ado y estuvimos dispuestos a hacer enmiendas a todas ellas.<\/li><li>Reparamos directamente a cuantos nos fue posible el da\u00f1o causado, excepto cuando el hacerlo implicara perjuicio para ellos o para otros.<\/li><li>Continuamos haciendo nuestro inventar\u00edo personal y cuando nos equivoc\u00e1bamos lo admit\u00edamos inmediatamente.<\/li><li>Buscamos a trav\u00e9s de la oraci\u00f3n y la meditaci\u00f3n, mejorar nuestro contacto conciente con Dios como nosotros lo concebimos, pidi\u00e9ndole solamente conocer su voluntad para con nosotros y nos diese la fortaleza para cumplirla.<\/li><li>Habiendo obtenido un despertar espiritual como resultado de estos pasos, tratamos de llevar este mensaje a otros adictos al sexo y de practicar estos principios en nuestras vidas<br>(Adictos Sexuales An\u00f3nimos, P\u00e1gs. 23-24)<\/li><\/ol>\n<\/div>\n\n\n\n<div class=\"wp-block-column is-layout-flow wp-block-column-is-layout-flow\">\n<h4 class=\"wp-block-heading\" id=\"12-tradiciones\"><strong>12 Tradiciones<\/strong><\/h4>\n\n\n\n<ol class=\"wp-block-list\" type=\"1\"><li>Nuestro bienestar com\u00fan debe tener prioridad; la recuperaci\u00f3n personal depende de la unidad de ASA. &nbsp;<\/li><li>Para el prop\u00f3sito de nuestro grupo, s\u00f3lo existe una autoridad fundamental \u2013 un Dios bondadoso tal como se manifiesta en la conciencia de nuestro grupo. Nuestros l\u00edderes no son m\u00e1s que servidores de confianza; no gobiernan.<\/li><li>El \u00fanico requisito para ser miembro de ASA es querer liberarse del comportamiento sexual adictivo. &nbsp;<\/li><li>Cada grupo debe ser aut\u00f3nomo, excepto en asuntos que afecten a otros grupos o a ASA, considerada en su conjunto. &nbsp;<\/li><li>Cada grupo tiene un solo prop\u00f3sito primordial: llevar el mensaje al adicto sexual que a\u00fan est\u00e1 sufriendo. &nbsp;<\/li><li>Un grupo de ASA nunca debe respaldar, financiar, o prestar el nombre de ASA a ninguna entidad allegada o empresa ajena, para evitar que los problemas de dinero, propiedad, y prestigio nos desv\u00eden de nuestro prop\u00f3sito primordial. &nbsp;<\/li><li>Todo grupo de ASA debe autofinanciarse a s\u00ed mismo, neg\u00e1ndose a recibir contribuciones de fuentes externas. &nbsp;<\/li><li>ASA nunca tendr\u00e1 car\u00e1cter profesional, pero nuestros centros de servicio pueden emplear trabajadores especializados. &nbsp;<\/li><li>ASA, como tal, nunca debe ser estructurada como organizaci\u00f3n, pero podemos crear juntas o comit\u00e9s de servicio que sean directamente responsables ante aquellos a quienes sirven. &nbsp;<\/li><li>ASA no tiene opini\u00f3n acerca de asuntos ajenos a sus actividades; por consiguiente, su nombre nunca debe mezclarse en pol\u00e9micas p\u00fablicas. &nbsp;<\/li><li>Nuestra pol\u00edtica de relaciones p\u00fablicas se basa m\u00e1s bien en la atracci\u00f3n que en la promoci\u00f3n; necesitamos mantener siempre nuestro anonimato personal ante la prensa, la radio, la televisi\u00f3n y el cine. &nbsp;<\/li><li>El anonimato es la base espiritual de todas nuestras tradiciones, record\u00e1ndonos siempre anteponer los principios a las personalidades. <br>(Adictos Sexuales An\u00f3nimos, p\u00e1gs. 87-88)<\/li><\/ol>\n<\/div>\n<\/div>\n<\/div>\n<\/div>\n\n\n\n<div class=\"wp-block-columns is-layout-flex wp-container-core-columns-is-layout-9d6595d7 wp-block-columns-is-layout-flex\">\n<div class=\"wp-block-column is-layout-flow wp-block-column-is-layout-flow\" style=\"flex-basis:100%\">\n<div class=\"wp-block-columns is-layout-flex wp-container-core-columns-is-layout-9d6595d7 wp-block-columns-is-layout-flex\">\n<div class=\"wp-block-column is-layout-flow wp-block-column-is-layout-flow\" style=\"flex-basis:100%\">\n<div class=\"wp-block-columns is-layout-flex wp-container-core-columns-is-layout-9d6595d7 wp-block-columns-is-layout-flex\">\n<div class=\"wp-block-column is-layout-flow wp-block-column-is-layout-flow\" style=\"flex-basis:100%\">\n<p><\/p>\n\n\n\n<p><\/p>\n\n\n\n<p><\/p>\n\n\n\n<p><\/p>\n\n\n\n<h3 class=\"wp-block-heading\"><\/h3>\n<\/div>\n<\/div>\n<\/div>\n<\/div>\n<\/div>\n<\/div>\n","protected":false},"excerpt":{"rendered":"<p>\u00bfQu\u00e9 es una reuni\u00f3n de Adictos Sexuales An\u00f3nimos?Un grupo de Adictos Sexuales An\u00f3nimos est\u00e1 formado por dos o m\u00e1s individuos que con la ayuda de los Doce Pasos y las Doce Tradiciones de SAA. se re\u00fanen peri\u00f3dicamente con el fin de recuperarse de su comportamiento sexual compulsivo. Una reuni\u00f3n de S.A.A. es un lugar seguro. &hellip;<\/p>\n<p><a class=\"more-link\" href=\"https:\/\/saaforwomen.org\/index.php\/espanol\/\"> <span class=\"screen-reader-text\">Espa\u00f1ol<\/span>Read more<\/a><\/p>\n","protected":false},"author":1,"featured_media":0,"parent":0,"menu_order":0,"comment_status":"closed","ping_status":"closed","template":"","meta":{"_monsterinsights_skip_tracking":false,"_monsterinsights_sitenote_active":false,"_monsterinsights_sitenote_note":"","_monsterinsights_sitenote_category":0,"footnotes":""},"class_list":["post-2463","page","type-page","status-publish","hentry"],"_links":{"self":[{"href":"https:\/\/saaforwomen.org\/index.php\/wp-json\/wp\/v2\/pages\/2463","targetHints":{"allow":["GET"]}}],"collection":[{"href":"https:\/\/saaforwomen.org\/index.php\/wp-json\/wp\/v2\/pages"}],"about":[{"href":"https:\/\/saaforwomen.org\/index.php\/wp-json\/wp\/v2\/types\/page"}],"author":[{"embeddable":true,"href":"https:\/\/saaforwomen.org\/index.php\/wp-json\/wp\/v2\/users\/1"}],"replies":[{"embeddable":true,"href":"https:\/\/saaforwomen.org\/index.php\/wp-json\/wp\/v2\/comments?post=2463"}],"version-history":[{"count":10,"href":"https:\/\/saaforwomen.org\/index.php\/wp-json\/wp\/v2\/pages\/2463\/revisions"}],"predecessor-version":[{"id":6706,"href":"https:\/\/saaforwomen.org\/index.php\/wp-json\/wp\/v2\/pages\/2463\/revisions\/6706"}],"wp:attachment":[{"href":"https:\/\/saaforwomen.org\/index.php\/wp-json\/wp\/v2\/media?parent=2463"}],"curies":[{"name":"wp","href":"https:\/\/api.w.org\/{rel}","templated":true}]}}